{"id":280,"date":"2016-02-14T15:46:34","date_gmt":"2016-02-14T15:46:34","guid":{"rendered":"http:\/\/www.banik-havirov.cz\/?page_id=280"},"modified":"2026-01-18T08:31:10","modified_gmt":"2026-01-18T08:31:10","slug":"280-2","status":"publish","type":"page","link":"http:\/\/www.banik-havirov.cz\/","title":{"rendered":"V\u00edt\u00e1me v\u00e1s na str\u00e1nk\u00e1ch VV TJ Ban\u00edk Hav\u00ed\u0159ov"},"content":{"rendered":"<div id=\"pl-280\" class=\"panel-layout\">\n<div id=\"pg-280-0\" class=\"panel-grid panel-no-style\" data-style=\"{&quot;background_display&quot;:&quot;tile&quot;,&quot;cell_alignment&quot;:&quot;flex-start&quot;}\" data-ratio=\"1\" data-ratio-direction=\"right\">\n<div id=\"pgc-280-0-0\" class=\"panel-grid-cell\" data-style=\"{&quot;background_display&quot;:&quot;tile&quot;,&quot;vertical_alignment&quot;:&quot;auto&quot;}\" data-weight=\"1\">\n<div id=\"panel-280-0-0-0\" class=\"so-panel widget widget_sow-editor panel-first-child panel-last-child\" data-index=\"0\" data-style=\"{&quot;background_display&quot;:&quot;tile&quot;}\">\n<div class=\"so-widget-sow-editor so-widget-sow-editor-base\">\n<div class=\"siteorigin-widget-tinymce textwidget\">\n<p style=\"text-align: center;\"><span style=\"font-size: 24px;\"><strong><span style=\"font-family: arial black, sans-serif;\">\u010cinnost TJ je i roce 2025 podporov\u00e1na: <\/span><\/strong><\/span><\/p>\n<\/div>\n<\/div>\n<\/div>\n<\/div>\n<\/div>\n<div id=\"pg-280-1\" class=\"panel-grid panel-no-style\" data-style=\"{&quot;background_display&quot;:&quot;tile&quot;,&quot;cell_alignment&quot;:&quot;flex-start&quot;}\" data-ratio=\"1\" data-ratio-direction=\"right\">\n<div id=\"pgc-280-1-0\" class=\"panel-grid-cell\" data-weight=\"0.5\">\n<div id=\"panel-280-1-0-0\" class=\"so-panel widget widget_sow-editor panel-first-child panel-last-child\" data-index=\"1\" data-style=\"{&quot;background_display&quot;:&quot;tile&quot;}\">\n<div class=\"so-widget-sow-editor so-widget-sow-editor-base\">\n<div class=\"siteorigin-widget-tinymce textwidget\">\n<p style=\"text-align: center;\"><span style=\"font-size: 24px;\"><strong><span style=\"font-family: arial black, sans-serif;\">z rozpo\u010dtu Statut\u00e1rn\u00edho m\u011bsta Hav\u00ed\u0159ov<\/span><\/strong><\/span><\/p>\n<\/div>\n<\/div>\n<\/div>\n<\/div>\n<div id=\"pgc-280-1-1\" class=\"panel-grid-cell\" data-weight=\"0.5\">\n<div id=\"panel-280-1-1-0\" class=\"so-panel widget widget_sow-editor panel-first-child panel-last-child\" data-index=\"2\" data-style=\"{&quot;background_display&quot;:&quot;tile&quot;}\">\n<div class=\"so-widget-sow-editor so-widget-sow-editor-base\">\n<div class=\"siteorigin-widget-tinymce textwidget\">\n<p><span style=\"font-size: 20px;\"><strong><span style=\"font-family: arial black, sans-serif;\">\u00a0<\/span><\/strong><\/span><\/p>\n<\/div>\n<\/div>\n<\/div>\n<\/div>\n<\/div>\n<\/div>\n","protected":false},"excerpt":{"rendered":"<p>\u010cinnost TJ je i roce 2025 podporov\u00e1na: z rozpo\u010dtu Statut\u00e1rn\u00edho m\u011bsta Hav\u00ed\u0159ov \u00a0<\/p>\n","protected":false},"author":1,"featured_media":0,"parent":0,"menu_order":0,"comment_status":"closed","ping_status":"closed","template":"","meta":{"footnotes":""},"class_list":["post-280","page","type-page","status-publish","hentry"],"_links":{"self":[{"href":"http:\/\/www.banik-havirov.cz\/index.php?rest_route=\/wp\/v2\/pages\/280","targetHints":{"allow":["GET"]}}],"collection":[{"href":"http:\/\/www.banik-havirov.cz\/index.php?rest_route=\/wp\/v2\/pages"}],"about":[{"href":"http:\/\/www.banik-havirov.cz\/index.php?rest_route=\/wp\/v2\/types\/page"}],"author":[{"embeddable":true,"href":"http:\/\/www.banik-havirov.cz\/index.php?rest_route=\/wp\/v2\/users\/1"}],"replies":[{"embeddable":true,"href":"http:\/\/www.banik-havirov.cz\/index.php?rest_route=%2Fwp%2Fv2%2Fcomments&post=280"}],"version-history":[{"count":34,"href":"http:\/\/www.banik-havirov.cz\/index.php?rest_route=\/wp\/v2\/pages\/280\/revisions"}],"predecessor-version":[{"id":783,"href":"http:\/\/www.banik-havirov.cz\/index.php?rest_route=\/wp\/v2\/pages\/280\/revisions\/783"}],"wp:attachment":[{"href":"http:\/\/www.banik-havirov.cz\/index.php?rest_route=%2Fwp%2Fv2%2Fmedia&parent=280"}],"curies":[{"name":"wp","href":"https:\/\/api.w.org\/{rel}","templated":true}]}}