{"id":320,"date":"2016-04-24T09:16:19","date_gmt":"2016-04-24T09:16:19","guid":{"rendered":"http:\/\/www.banik-havirov.cz\/?page_id=320"},"modified":"2025-01-19T19:31:24","modified_gmt":"2025-01-19T19:31:24","slug":"dotace","status":"publish","type":"page","link":"http:\/\/www.banik-havirov.cz\/?page_id=320","title":{"rendered":""},"content":{"rendered":"<div id=\"pl-320\" class=\"panel-layout\">\n<div id=\"pg-320-0\" class=\"panel-grid panel-no-style\">\n<div id=\"pgc-320-0-0\" class=\"panel-grid-cell\" data-weight=\"1\">\n<div id=\"panel-320-0-0-0\" class=\"so-panel widget widget_sow-editor panel-first-child panel-last-child\" data-index=\"0\" data-style=\"{&quot;background_image_attachment&quot;:false,&quot;background_display&quot;:&quot;tile&quot;,&quot;border_color&quot;:&quot;#7a7a7a&quot;,&quot;font_color&quot;:&quot;#eded0b&quot;}\">\n<div class=\"panel-widget-style panel-widget-style-for-320-0-0-0\">\n<div class=\"so-widget-sow-editor so-widget-sow-editor-base\">\n<div class=\"siteorigin-widget-tinymce textwidget\">\n<h3><span style=\"text-decoration: underline; font-size: 24px; background-color: #ff0000; color: #ffcc00;\">\u010cinnost TJ je I v roce 2024 podporov\u00e1na dotacemi:<\/span><\/h3>\n<p style=\"text-align: center;\"><span style=\"font-family: arial black, sans-serif; font-size: 24px;\">z rozpo\u010dtu statut\u00e1rn\u00edho m\u011bsta <\/span><\/p>\n<h1 style=\"text-align: center;\"><span style=\"font-family: arial black, sans-serif; font-size: 32px;\">Hav\u00ed\u0159ov <strong>\u00a0<\/strong><\/span><\/h1>\n<\/div>\n<\/div>\n<\/div>\n<\/div>\n<\/div>\n<\/div>\n<\/div>\n","protected":false},"excerpt":{"rendered":"<p>\u010cinnost TJ je I v roce 2024 podporov\u00e1na dotacemi: z rozpo\u010dtu statut\u00e1rn\u00edho m\u011bsta Hav\u00ed\u0159ov \u00a0<\/p>\n","protected":false},"author":1,"featured_media":706,"parent":0,"menu_order":0,"comment_status":"closed","ping_status":"closed","template":"","meta":{"footnotes":""},"class_list":["post-320","page","type-page","status-publish","has-post-thumbnail","hentry"],"_links":{"self":[{"href":"http:\/\/www.banik-havirov.cz\/index.php?rest_route=\/wp\/v2\/pages\/320","targetHints":{"allow":["GET"]}}],"collection":[{"href":"http:\/\/www.banik-havirov.cz\/index.php?rest_route=\/wp\/v2\/pages"}],"about":[{"href":"http:\/\/www.banik-havirov.cz\/index.php?rest_route=\/wp\/v2\/types\/page"}],"author":[{"embeddable":true,"href":"http:\/\/www.banik-havirov.cz\/index.php?rest_route=\/wp\/v2\/users\/1"}],"replies":[{"embeddable":true,"href":"http:\/\/www.banik-havirov.cz\/index.php?rest_route=%2Fwp%2Fv2%2Fcomments&post=320"}],"version-history":[{"count":30,"href":"http:\/\/www.banik-havirov.cz\/index.php?rest_route=\/wp\/v2\/pages\/320\/revisions"}],"predecessor-version":[{"id":778,"href":"http:\/\/www.banik-havirov.cz\/index.php?rest_route=\/wp\/v2\/pages\/320\/revisions\/778"}],"wp:featuredmedia":[{"embeddable":true,"href":"http:\/\/www.banik-havirov.cz\/index.php?rest_route=\/wp\/v2\/media\/706"}],"wp:attachment":[{"href":"http:\/\/www.banik-havirov.cz\/index.php?rest_route=%2Fwp%2Fv2%2Fmedia&parent=320"}],"curies":[{"name":"wp","href":"https:\/\/api.w.org\/{rel}","templated":true}]}}