{"id":84,"date":"2016-01-21T18:59:49","date_gmt":"2016-01-21T18:59:49","guid":{"rendered":"http:\/\/www.banik-havirov.cz\/?page_id=84"},"modified":"2023-01-03T15:01:36","modified_gmt":"2023-01-03T15:01:36","slug":"spv","status":"publish","type":"page","link":"http:\/\/www.banik-havirov.cz\/?page_id=84","title":{"rendered":"SPV"},"content":{"rendered":"<p><a href=\"http:\/\/www.banik-havirov.cz\/wp-content\/uploads\/2023\/01\/Ban\u00edk-cvi\u010den\u00ed-2023.pdf\" target=\"_blank\" rel=\"noopener noreferrer\"><span style=\"font-family: arial black, sans-serif; font-size: 16px;\">Aktu\u00e1ln\u00ed informace o rozpisu cvi\u010den\u00ed naleznete ZDE.<\/span><\/a><\/p>\n<p><a href=\"http:\/\/www.banik-havirov.cz\/?attachment_id=759\" rel=\"attachment wp-att-759\"><img loading=\"lazy\" decoding=\"async\" class=\"alignnone  wp-image-759\" src=\"http:\/\/www.banik-havirov.cz\/wp-content\/uploads\/2023\/01\/100_2511-300x225.jpg\" alt=\"\" width=\"455\" height=\"346\" \/><\/a><\/p>\n<p>&nbsp;<\/p>\n","protected":false},"excerpt":{"rendered":"<p>Aktu\u00e1ln\u00ed informace o rozpisu cvi\u010den\u00ed naleznete ZDE. &nbsp;<\/p>\n","protected":false},"author":1,"featured_media":0,"parent":44,"menu_order":0,"comment_status":"open","ping_status":"open","template":"","meta":{"footnotes":""},"class_list":["post-84","page","type-page","status-publish","hentry"],"_links":{"self":[{"href":"http:\/\/www.banik-havirov.cz\/index.php?rest_route=\/wp\/v2\/pages\/84","targetHints":{"allow":["GET"]}}],"collection":[{"href":"http:\/\/www.banik-havirov.cz\/index.php?rest_route=\/wp\/v2\/pages"}],"about":[{"href":"http:\/\/www.banik-havirov.cz\/index.php?rest_route=\/wp\/v2\/types\/page"}],"author":[{"embeddable":true,"href":"http:\/\/www.banik-havirov.cz\/index.php?rest_route=\/wp\/v2\/users\/1"}],"replies":[{"embeddable":true,"href":"http:\/\/www.banik-havirov.cz\/index.php?rest_route=%2Fwp%2Fv2%2Fcomments&post=84"}],"version-history":[{"count":11,"href":"http:\/\/www.banik-havirov.cz\/index.php?rest_route=\/wp\/v2\/pages\/84\/revisions"}],"predecessor-version":[{"id":769,"href":"http:\/\/www.banik-havirov.cz\/index.php?rest_route=\/wp\/v2\/pages\/84\/revisions\/769"}],"up":[{"embeddable":true,"href":"http:\/\/www.banik-havirov.cz\/index.php?rest_route=\/wp\/v2\/pages\/44"}],"wp:attachment":[{"href":"http:\/\/www.banik-havirov.cz\/index.php?rest_route=%2Fwp%2Fv2%2Fmedia&parent=84"}],"curies":[{"name":"wp","href":"https:\/\/api.w.org\/{rel}","templated":true}]}}