{"id":384,"date":"2016-10-21T21:28:53","date_gmt":"2016-10-21T21:28:53","guid":{"rendered":"http:\/\/www.banik-havirov.cz\/?page_id=384"},"modified":"2020-01-15T15:12:59","modified_gmt":"2020-01-15T15:12:59","slug":"vysledky","status":"publish","type":"page","link":"https:\/\/www.banik-havirov.cz\/?page_id=384","title":{"rendered":"V\u00fdsledky"},"content":{"rendered":"<p><span style=\"text-decoration: underline; background-color: #ffffff; color: #ff0000;\"><span style=\"font-size: 20px;\"><strong><span style=\"font-family: arial black,sans-serif;\">V\u00fdsledky turnaj\u016f, kter\u00fdch se z\u00fa\u010dastnili \u010dlenov\u00e9 na\u0161eho odd\u00edlu<\/span><\/strong><\/span><\/span><\/p>\n<p>V jarn\u00ed \u010d\u00e1sti sez\u00f3ny 2019 hraj\u00ed v bowlingov\u00e9m centru Jadran ve Fr\u00fddku-M\u00edstku &#8222;Amat\u00e9rskou bowlingovou ligu&#8220; 2 dru\u017estva Ban\u00edku (Katapult a Draci). V\u00fdsledky dru\u017estev m\u016f\u017eete pr\u016fb\u011b\u017en\u011b sledovat <a href=\"https:\/\/www.bowlingovaliga.cz\/ligy\/3-liga-frydek-mistek-2019\" target=\"_blank\" rel=\"noopener noreferrer\">ZDE.<\/a>(Katapult) nebo <a href=\"https:\/\/www.bowlingovaliga.cz\/ligy\/5-liga-frydek-mistek-2019?m=soupisky&amp;r=0&amp;pos=0\" target=\"_blank\" rel=\"noopener noreferrer\">ZDE<\/a> (Draci).<\/p>\n<\/p>\n<p><span style=\"font-family: arial black, sans-serif;\"><span style=\"font-family: helvetica, arial, sans-serif;\">V roce 2018 se na\u0161i \u010dlenov\u00e9 z\u00fa\u010dast\u0148uj\u00ed \u0159ady turnaj\u016f &#8211; p\u0159edev\u0161\u00edm v bowlingov\u00e9m centru Jadran ve Fr\u00fddku-M\u00edstku, ale i v Kop\u0159ivnici nebo ve Vala\u0161sk\u00e9m Mezi\u0159\u00ed\u010d\u00ed. V\u00fdsledky turnaj\u016f m\u016f\u017eete sledovat na www str\u00e1nk\u00e1ch<\/span> <span style=\"font-size: 14px;\"><a href=\"http:\/\/bowlingjadran.cz\/\" target=\"_blank\" rel=\"noopener noreferrer\">Jadranu ZDE<\/a><\/span><\/span><\/p>\n<p>2018 &#8211; podzim hraje dru\u017estvo Ban\u00edku &#8211; pod hlavi\u010dkou &#8222;Katapult&#8220; 3. ligu v centru Jadran ve Fr\u00fddku-M\u00edstku. Op\u011bt pat\u0159\u00ed mezi nejlep\u0161\u00ed dru\u017estva a usiluje o postup do 2. ligy. Pr\u016fb\u011b\u017en\u00e9 v\u00fdsledky mu\u017eete <a href=\"https:\/\/www.bowlingovaliga.cz\/ligy\/3-liga-frydek-mistek-2018-2?m=informace&amp;r=0&amp;pos=0\" target=\"_blank\" rel=\"noopener noreferrer\"><span style=\"font-family: arial black, sans-serif; font-size: 14px;\"><strong><span style=\"font-size: 14px;\">sledovat ZDE.<\/span><\/strong><\/span><\/a><\/p>\n<p>V sez\u00f3n\u011b 2018 se &#8222;Seniorsk\u00e9 bowlingov\u00e9 ligy&#8220; z\u00fa\u010dastnilo jedno dru\u017estvo. <span style=\"font-family: arial black, sans-serif; font-size: 14px;\"><a href=\"https:\/\/www.bowlingovaliga.cz\/ligy\/sbl-frydek-mistek-2018\" target=\"_blank\" rel=\"noopener noreferrer\">Celkov\u00e9 v\u00fdsledky ro\u010dn\u00edku ZDE.<\/a><\/span><\/p>\n<p>Do sez\u00f3ny 2018 jaro se ji\u017e p\u0159ihl\u00e1silo kompletn\u00ed dru\u017estvo Ban\u00edku &#8211; tentokr\u00e1t pod n\u00e1zvem &#8222;Katapult&#8220; do 4. ligy. Na\u0161e dru\u017estvo skupinu s p\u0159ehledem vyhr\u00e1lo a na podzim si zahraje 3. ligu. Hr\u00e1\u010di jsou i mezi nejlep\u0161\u00edmi se statistik\u00e1ch jednotlivc\u016f. <span style=\"font-size: 14px;\"><a href=\"https:\/\/www.bowlingovaliga.cz\/ligy\/4-liga-frydek-mistek-2018?m=vysledky&amp;r=0&amp;pos=0\" target=\"_blank\" rel=\"noopener noreferrer\"><span style=\"font-family: arial black, sans-serif;\">V\u00fdsledky ro\u010dn\u00edku ZDE <\/span><\/a><\/span><\/p>\n<p>V sez\u00f3n\u011b 2017 se &#8222;Seniorsk\u00e9 bowlingov\u00e9 ligy&#8220; z\u00fa\u010dastnilo jen jedno dru\u017estvo. <a href=\"http:\/\/www.seniorbowling-liga.cz\/clanky\/4.-rocnik-2017\/5.-vysledky-skupin\/frydek-mistek--sk.-a\/\" target=\"_blank\" rel=\"noopener noreferrer\"><span style=\"font-family: arial black, sans-serif; font-size: 14px;\">Celkov\u00e9 v\u00fdsledky ro\u010dn\u00edku ZDE. <\/span><\/a><\/p>\n<p>V sez\u00f3n\u011b 2017 &#8211; podzim n\u00e1\u0161 \u010dlen V. Z\u00e1\u0159eck\u00fd hr\u00e1l za t\u00fdm 3kr\u00e1tX 5. ligu ve Fr\u00fddku-M\u00edstku. Stal se v tomto ro\u010dn\u00edku nejlep\u0161\u00edm hr\u00e1\u010dem.\u00a0 <a href=\"https:\/\/www.bowlingovaliga.cz\/ligy\/5-liga-frydek-mistek-2017\" target=\"_blank\" rel=\"noopener noreferrer\"><strong><span style=\"font-family: arial black, sans-serif;\">V\u00fdsledky ro\u010dn\u00edku ZDE.\u00a0<\/span> <\/strong><\/a><\/p>\n<p>V sez\u00f3n\u011b 2015 &#8211; 2016 se dv\u011b dru\u017estva z\u00fa\u010dastnily &#8222;Seniorsk\u00e9 bowlingov\u00e9 ligy&#8220;. <a href=\"http:\/\/www.seniorbowling-liga.cz\/clanky\/3.-rocnik-2015-2016\/5.-vysledky-sbl-skupin\/frydek-mistek-sk.-a\/\" target=\"_blank\" rel=\"noopener noreferrer\"><strong><span style=\"font-size: 14px; font-family: arial black, sans-serif;\">V\u00fdsledky &#8222;A&#8220; ZDE.<\/span><\/strong><\/a><span style=\"font-size: 14px; font-family: arial black, sans-serif;\"><strong> a <a href=\"http:\/\/www.seniorbowling-liga.cz\/clanky\/3.-rocnik-2015-2016\/5.-vysledky-sbl-skupin\/frydek-mistek-sk.-b\/\" target=\"_blank\" rel=\"noopener noreferrer\">v\u00fdsledky &#8222;B&#8220; ZDE.<\/a><\/strong> <\/span><\/p>\n<p>27. 12. 2016 &#8211; &#8222;Sv\u00e1te\u010dn\u00ed&#8220; turnaj Honzy Jel\u00ednka. <a href=\"http:\/\/www.banik-havirov.cz\/wp-content\/uploads\/2016\/12\/v\u00fdsledky-sv\u00e1te\u010dn\u00ed-Jel\u00ednek.png\" target=\"_blank\" rel=\"noopener noreferrer\" data-rel=\"lightbox-image-0\" data-imagelightbox=\"0\" data-rl_title=\"\" data-rl_caption=\"\" title=\"\">V\u00fdsledky ZDE. <\/a><\/p>\n<p>18. 12. 2016 &#8211; &#8222;V\u00e1no\u010dn\u00ed turnaj&#8220; Jadranu. <a href=\"http:\/\/www.banik-havirov.cz\/wp-content\/uploads\/2016\/12\/V\u00fdsledky_V\u00e1no\u010dn\u00ed-turnaj-2016B.xls\" target=\"_blank\" rel=\"noopener noreferrer\">V\u00fdsledky ZDE. <\/a><\/p>\n<p>11. 12. 2016 &#8211; Turnaj &#8222;Dev\u00edtkov\u00fd&#8220;. <a href=\"http:\/\/www.banik-havirov.cz\/wp-content\/uploads\/2016\/12\/V\u00fdsledky-dev\u00edtky_11_12_2016B.xls\">V\u00fdsledky ZDE.<\/a><\/p>\n<p>13. 11. 2016 &#8211; Turnaj &#8222;\u017d + M&#8220;. <a href=\"http:\/\/www.banik-havirov.cz\/wp-content\/uploads\/2016\/12\/V\u00fdsledky-Tabulky-\u017dM-13.11.2016B.xls\" target=\"_blank\" rel=\"noopener noreferrer\">V\u00fdsledky ZDE.<\/a><\/p>\n<p>10. 11. 2016 &#8211; Turnaj &#8222;Dev\u00edtkov\u00fd&#8220;. <a href=\"http:\/\/www.banik-havirov.cz\/wp-content\/uploads\/2016\/12\/V\u00fdsledky-dev\u00edtky-v\u00fdsledky_10.11.2016B.xls\" target=\"_blank\" rel=\"noopener noreferrer\">V\u00fdsledky ZDE.<\/a><\/p>\n<p>5. &#8211; 6. 11. 2016 &#8211; Turnaj &#8222;Memori\u00e1l Michala Fo\u0165ka&#8220; &#8211; Bowlingpv\u00e9 centrum Jadran. <a href=\"http:\/\/www.banik-havirov.cz\/wp-content\/uploads\/2016\/12\/V\u00fdsledky-Memori\u00e1l-Michala-Fo\u0165ka-5.-6.-11.2016.xls\" target=\"_blank\" rel=\"noopener noreferrer\">V\u00fdsledky ZDE. <\/a><\/p>\n<p>30. 10. 2016 &#8211; Turnaj &#8222;Amat\u00e9rsk\u00fd poh\u00e1r&#8220;. <a href=\"http:\/\/www.banik-havirov.cz\/wp-content\/uploads\/2016\/12\/Amat\u00e9rsk\u00fd-poh\u00e1r-v\u00fdsledky-30_10_2016B.xls\" target=\"_blank\" rel=\"noopener noreferrer\">V\u00fdsledky ZDE.<\/a><\/p>\n<p>25. 10. 2016 &#8211; Turnaj &#8222;Dev\u00edtkov\u00fd&#8220;. <a href=\"http:\/\/www.banik-havirov.cz\/wp-content\/uploads\/2016\/12\/Tabulka-dev\u00edtky-v\u00fdsledky-25.10.2016B.xls\">V\u00fdsledky ZDE.<\/a><\/p>\n<p>30. 9. 2016 &#8211; Kone\u010dn\u00e9 v\u00fdsledky &#8222;Letn\u00edho poh\u00e1ru&#8220; Bowlingov\u00e9ho centra Jadran. <a href=\"http:\/\/www.banik-havirov.cz\/wp-content\/uploads\/2016\/12\/Letn\u00ed-poh\u00e1r-v\u00fdsledky-kone\u010dn\u00e9B.xls\" target=\"_blank\" rel=\"noopener noreferrer\">V\u00fdsledky ZDE.<\/a><\/p>\n<p>25. 9. 2016 &#8211; Turnaj &#8222;Amat\u00e9rsk\u00fd poh\u00e1r&#8220;. <a href=\"http:\/\/www.banik-havirov.cz\/wp-content\/uploads\/2016\/12\/Amat\u00e9rsk\u00fd-poh\u00e1r-v\u00fdsledky_-25_9B.xlsx\" target=\"_blank\" rel=\"noopener noreferrer\">V\u00fdsledky ZDE.<\/a><\/p>\n<p>28. 8. 2016 &#8211; Turnaj &#8222;\u017d + M&#8220;. <a href=\"http:\/\/www.banik-havirov.cz\/wp-content\/uploads\/2016\/12\/V\u00fdsledky-\u017dM-28.8.2016B.xls\" target=\"_blank\" rel=\"noopener noreferrer\">V\u00fdsledky\u00a0 ZDE.<\/a><\/p>\n<p>16. 8. 2016 &#8211; Turnaj &#8222;Dev\u00edtkov\u00fd&#8220;. <a href=\"http:\/\/www.banik-havirov.cz\/wp-content\/uploads\/2016\/12\/Tabulka-dev\u00edtky-16_8_2016B.xls\" target=\"_blank\" rel=\"noopener noreferrer\">V\u00fdsledky ZDE.<\/a><\/p>\n<p>8. 6. 2016 &#8211; Turnaj &#8211; &#8222;P\u0159ebor Fr\u00fddku-M\u00edstku&#8220;. <a href=\"http:\/\/www.banik-havirov.cz\/wp-content\/uploads\/2016\/12\/Mistrovstvi_mest_F-M-2016B.xls\" target=\"_blank\" rel=\"noopener noreferrer\">V\u00fdsledky ZDE.<\/a><\/p>\n","protected":false},"excerpt":{"rendered":"<p>V\u00fdsledky turnaj\u016f, kter\u00fdch se z\u00fa\u010dastnili \u010dlenov\u00e9 na\u0161eho odd\u00edlu V jarn\u00ed \u010d\u00e1sti sez\u00f3ny 2019 hraj\u00ed v bowlingov\u00e9m centru Jadran ve Fr\u00fddku-M\u00edstku &#8222;Amat\u00e9rskou bowlingovou ligu&#8220; 2 dru\u017estva Ban\u00edku (Katapult a Draci). V\u00fdsledky dru\u017estev m\u016f\u017eete pr\u016fb\u011b\u017en\u011b sledovat ZDE.(Katapult) nebo ZDE (Draci). V roce &hellip; <a href=\"https:\/\/www.banik-havirov.cz\/?page_id=384\">Cel\u00fd p\u0159\u00edsp\u011bvek <span class=\"meta-nav\">&rarr;<\/span><\/a><\/p>\n","protected":false},"author":1,"featured_media":0,"parent":221,"menu_order":0,"comment_status":"closed","ping_status":"closed","template":"","meta":{"footnotes":""},"class_list":["post-384","page","type-page","status-publish","hentry"],"_links":{"self":[{"href":"https:\/\/www.banik-havirov.cz\/index.php?rest_route=\/wp\/v2\/pages\/384","targetHints":{"allow":["GET"]}}],"collection":[{"href":"https:\/\/www.banik-havirov.cz\/index.php?rest_route=\/wp\/v2\/pages"}],"about":[{"href":"https:\/\/www.banik-havirov.cz\/index.php?rest_route=\/wp\/v2\/types\/page"}],"author":[{"embeddable":true,"href":"https:\/\/www.banik-havirov.cz\/index.php?rest_route=\/wp\/v2\/users\/1"}],"replies":[{"embeddable":true,"href":"https:\/\/www.banik-havirov.cz\/index.php?rest_route=%2Fwp%2Fv2%2Fcomments&post=384"}],"version-history":[{"count":22,"href":"https:\/\/www.banik-havirov.cz\/index.php?rest_route=\/wp\/v2\/pages\/384\/revisions"}],"predecessor-version":[{"id":734,"href":"https:\/\/www.banik-havirov.cz\/index.php?rest_route=\/wp\/v2\/pages\/384\/revisions\/734"}],"up":[{"embeddable":true,"href":"https:\/\/www.banik-havirov.cz\/index.php?rest_route=\/wp\/v2\/pages\/221"}],"wp:attachment":[{"href":"https:\/\/www.banik-havirov.cz\/index.php?rest_route=%2Fwp%2Fv2%2Fmedia&parent=384"}],"curies":[{"name":"wp","href":"https:\/\/api.w.org\/{rel}","templated":true}]}}